{"id":20,"date":"2018-09-17T11:00:30","date_gmt":"2018-09-17T09:00:30","guid":{"rendered":"http:\/\/wp1137867.server-he.de\/?page_id=20"},"modified":"2019-03-13T18:41:27","modified_gmt":"2019-03-13T17:41:27","slug":"neukloster","status":"publish","type":"page","link":"https:\/\/katholische-kirche-wismar.de\/?page_id=20","title":{"rendered":"Gemeinde Mari\u00e4 Himmelfahrt"},"content":{"rendered":"<p>&nbsp;<\/p>\n<p><span style=\"font-size: 14pt;font-family: 'times new roman', times, serif\"><img loading=\"lazy\" decoding=\"async\" class=\"wp-image-1286 aligncenter\" src=\"https:\/\/www.katholische-kirche-wismar.de\/wp-content\/uploads\/sites\/20\/2019\/03\/IMG_3805-300x225.jpg\" alt=\"\" width=\"371\" height=\"278\" srcset=\"https:\/\/katholische-kirche-wismar.de\/wp-content\/uploads\/sites\/20\/2019\/03\/IMG_3805-300x225.jpg 300w, https:\/\/katholische-kirche-wismar.de\/wp-content\/uploads\/sites\/20\/2019\/03\/IMG_3805-768x576.jpg 768w, https:\/\/katholische-kirche-wismar.de\/wp-content\/uploads\/sites\/20\/2019\/03\/IMG_3805-1024x768.jpg 1024w\" sizes=\"auto, (max-width: 371px) 100vw, 371px\" \/><\/span><\/p>\n<p style=\"text-align: center\"><span style=\"font-size: 14pt;font-family: 'times new roman', times, serif\">Nach langwierigen und schwierigsten Verhandlungen mit den damaligen DDR-Machthabern durfte in Neukloster das Scheunengrundst\u00fcck an der Karl-Marx-Stra\u00dfe 16 (heute: Eichholzstra\u00dfe) gekauft und in Jahren vieler freiwilliger Arbeitseins\u00e4tze und Aufbaustunden umgestaltet werden. Der Schweriner Weihbischof Dr. Bernhard Schr\u00e4der weihte am 9. Dezember 1967 die durch den Umbau entstandene Kirche &#8222;der in den Himmel aufgenommenen Gottesmutter Maria&#8220;.<\/span><\/p>\n<h4 style=\"text-align: center\"><span style=\"font-size: 14pt;font-family: 'times new roman', times, serif\">Riesiges Sgraffito im Blickfeld<\/span><\/h4>\n<p style=\"text-align: center\"><span style=\"font-size: 14pt;font-family: 'times new roman', times, serif\"><img loading=\"lazy\" decoding=\"async\" class=\"wp-image-927 alignnone\" src=\"https:\/\/wismar.ansgar-portal.de\/wp-content\/uploads\/sites\/20\/2018\/11\/Neukloster-300x225.jpg\" alt=\"\" width=\"369\" height=\"277\" srcset=\"https:\/\/katholische-kirche-wismar.de\/wp-content\/uploads\/sites\/20\/2018\/11\/Neukloster-300x225.jpg 300w, https:\/\/katholische-kirche-wismar.de\/wp-content\/uploads\/sites\/20\/2018\/11\/Neukloster.jpg 400w\" sizes=\"auto, (max-width: 369px) 100vw, 369px\" \/><\/span><\/p>\n<p style=\"text-align: center\"><span style=\"font-size: 14pt;font-family: 'times new roman', times, serif\"><em>&#8222;Aufnahme Mariens in den Himmel&#8220;,<\/em><\/span><br \/>\n<span style=\"font-size: 14pt;font-family: 'times new roman', times, serif\"><em>Sgraffito von Rudolf Br\u00fcckner-Fuhlrott, 1967<\/em><\/span><\/p>\n<p style=\"text-align: center\"><span style=\"font-size: 14pt;font-family: 'times new roman', times, serif\">F\u00fcr \u00fcber hundert katholische Kirchen auf dem damaligen Gebiet der DDR schuf der Maler und Bildhauer Rudolf Br\u00fcckner-Fuhlrott (1908 &#8211; 1984) zahlreiche sakrale Werke. F\u00fcr den Kirchenraum in Neukloster gestaltete er 1967 an der Wandfl\u00e4che hinter dem Altar ein Sgraffito, das die &#8222;Aufnahme Mariens in den Himmel&#8220; zeigt. Dargestellt ist im Mittelpunkt Jesus Christus, der nach Kreuzestod und Auferstehung in den Himmel aufgefahren ist und seine Mutter Maria begr\u00fc\u00dft. Rechts hinter den beiden ist der unendliche Strom derer zu sehen, die bereits in der Ewigkeit sind. Links von Christus und Maria sind die noch Lebenden abgebildet, die einen &#8222;Vorausblick aus dem Irdischen auf das Kommende&#8220; erhalten.<\/span><\/p>\n<p style=\"text-align: center\"><span style=\"font-size: 14pt;font-family: 'times new roman', times, serif\">Seit dem 13. Jahrhundert wurde die Aufnahme Mariens in den Himmel in gro\u00dfartigen und festlichen Szenen der Marienkr\u00f6nung wiedergegeben, von der sich die Darstellung durch Rudolf Br\u00fcckner-Fuhlrott in ihrer schlichten Art bewusst absetzt.<\/span><\/p>\n<h4 style=\"text-align: center\"><span style=\"font-size: 14pt;font-family: 'times new roman', times, serif\">Altarfenster zeigt Noten des &#8222;Salve Regina&#8220;<\/span><\/h4>\n<p style=\"text-align: center\"><span style=\"font-size: 14pt;font-family: 'times new roman', times, serif\"><img loading=\"lazy\" decoding=\"async\" class=\"wp-image-928 alignnone\" src=\"https:\/\/wismar.ansgar-portal.de\/wp-content\/uploads\/sites\/20\/2018\/11\/notenfenster-300x225.jpg\" alt=\"\" width=\"371\" height=\"278\" srcset=\"https:\/\/katholische-kirche-wismar.de\/wp-content\/uploads\/sites\/20\/2018\/11\/notenfenster-300x225.jpg 300w, https:\/\/katholische-kirche-wismar.de\/wp-content\/uploads\/sites\/20\/2018\/11\/notenfenster.jpg 400w\" sizes=\"auto, (max-width: 371px) 100vw, 371px\" \/><\/span><\/p>\n<p style=\"text-align: center\"><span style=\"font-size: 14pt;font-family: 'times new roman', times, serif\"><em>&#8222;Notenfenster&#8220; von Rudolf Br\u00fcckner-Fuhlrott, 1967<\/em><\/span><\/p>\n<p style=\"text-align: center\"><span style=\"font-size: 14pt;font-family: 'times new roman', times, serif\">Der Maler und Bildhauer Rudolf Br\u00fcckner-Fuhlrott entwarf die Zeichnungen f\u00fcr die k\u00fcnstlerische Gestaltung der Fenster, von denen im Altarraum das Notenfenster mit dem &#8222;Salve Regina&#8220; besonders zu erw\u00e4hnen ist. Angefertigt wurde das Fenster aus farbigem Antikglas durch die Kunstglaserei Lutz G\u00e4rlich, Naumburg.<\/span><br \/>\n<span style=\"font-size: 14pt;font-family: 'times new roman', times, serif\">Die Marianische Antiphon &#8222;Salve, Regina, mater misericordiae&#8230;&#8220; (&#8222;Sei gegr\u00fc\u00dft, o K\u00f6nigin, Mutter der Barmherzigkeit&#8230;&#8220;) ist eines der bekanntesten Mariengebete aus dem 11. Jahrhundert.<\/span><\/p>\n<h4 style=\"text-align: center\"><span style=\"font-size: 14pt;font-family: 'times new roman', times, serif\">Beachtenswerte Kreuzwegbilder<\/span><\/h4>\n<p style=\"text-align: center\"><span style=\"font-size: 14pt;font-family: 'times new roman', times, serif\"><img loading=\"lazy\" decoding=\"async\" class=\"wp-image-925 alignnone\" src=\"https:\/\/wismar.ansgar-portal.de\/wp-content\/uploads\/sites\/20\/2018\/11\/kreuzweg-298x300.jpg\" alt=\"\" width=\"371\" height=\"373\" srcset=\"https:\/\/katholische-kirche-wismar.de\/wp-content\/uploads\/sites\/20\/2018\/11\/kreuzweg.jpg 298w, https:\/\/katholische-kirche-wismar.de\/wp-content\/uploads\/sites\/20\/2018\/11\/kreuzweg-150x150.jpg 150w\" sizes=\"auto, (max-width: 371px) 100vw, 371px\" \/><\/span><\/p>\n<p style=\"text-align: center\"><span style=\"font-size: 14pt;font-family: 'times new roman', times, serif\"><em>12. Kreuzwegstation: Jesus stirbt am Kreuz<\/em><\/span><\/p>\n<p style=\"text-align: center\"><span style=\"font-size: 14pt;font-family: 'times new roman', times, serif\">F\u00fcr die Stationen zum Gedenken an das Kreuzesleiden skizzierte der K\u00fcnstler Rudolf Br\u00fcckner-Fuhlrott die modernen Wandbilder, die Horst Weng 1975 in der Gr\u00f6\u00dfe von ca. 40 mal 40 cm in den Farben Gold, Wei\u00df, Grau und Englischrot auf Spanplatten ausf\u00fchrte. Wegen fehlender finanzieller Mittel musste auf die vom K\u00fcnstler vorgeschlagene Kunstschmiedetechnik verzichtet werden.<\/span><\/p>\n<h4 style=\"text-align: center\"><span style=\"font-size: 14pt;font-family: 'times new roman', times, serif\">Tabernakel mit stilisierten Erdteilen<\/span><\/h4>\n<p style=\"text-align: center\"><span style=\"font-size: 14pt;font-family: 'times new roman', times, serif\">Der Tabernakel weist in seiner Gestaltung auf Christus den Welterl\u00f6ser hin, dargestellt sind an den beiden T\u00fcren stilisierte Erdteile, durchzogen von einem roten Emaillekreuz und B\u00e4ndern als Zeichen der Erl\u00f6sung. Der Entwurf dieser Darstellung stammt vom Baumeister Gerhard Dubiel aus Rostock, die Ausf\u00fchrung erfolgte durch den Kirchengoldschmied Adolf, der auch das Vortragekreuz anfertigte.<\/span><\/p>\n<p style=\"text-align: center\"><span style=\"font-size: 14pt;font-family: 'times new roman', times, serif\"><img loading=\"lazy\" decoding=\"async\" class=\"alignnone wp-image-929\" src=\"https:\/\/wismar.ansgar-portal.de\/wp-content\/uploads\/sites\/20\/2018\/11\/tabernakel-300x240.jpg\" alt=\"\" width=\"371\" height=\"297\" srcset=\"https:\/\/katholische-kirche-wismar.de\/wp-content\/uploads\/sites\/20\/2018\/11\/tabernakel-300x240.jpg 300w, https:\/\/katholische-kirche-wismar.de\/wp-content\/uploads\/sites\/20\/2018\/11\/tabernakel.jpg 400w\" sizes=\"auto, (max-width: 371px) 100vw, 371px\" \/><\/span><\/p>\n<h4 style=\"text-align: center\"><span style=\"font-size: 14pt;font-family: 'times new roman', times, serif\">Taufsteinabdeckung mit den Symbolen der sieben Sakramente<\/span><\/h4>\n<p style=\"text-align: center\"><span style=\"font-size: 14pt;font-family: 'times new roman', times, serif\"><img loading=\"lazy\" decoding=\"async\" class=\"wp-image-930 alignnone\" src=\"https:\/\/wismar.ansgar-portal.de\/wp-content\/uploads\/sites\/20\/2018\/11\/taufstein-232x300.jpg\" alt=\"\" width=\"305\" height=\"395\" srcset=\"https:\/\/katholische-kirche-wismar.de\/wp-content\/uploads\/sites\/20\/2018\/11\/taufstein-232x300.jpg 232w, https:\/\/katholische-kirche-wismar.de\/wp-content\/uploads\/sites\/20\/2018\/11\/taufstein.jpg 255w\" sizes=\"auto, (max-width: 305px) 100vw, 305px\" \/><\/span><\/p>\n<p style=\"text-align: center\"><span style=\"font-size: 14pt;font-family: 'times new roman', times, serif\">Zu den kleinen sakralen Kostbarkeiten der Filialkirche in Neukloster geh\u00f6rt die Abdeckung des ziemlich unauff\u00e4lligen Taufsteins, die von Alfons Leikhoff gestaltet wurde. Auf den sieben Emaille-Plaketten sind die Zeichen der Sakramente zu sehen, durch die Christus heute wirkt. Der Betrachter sollte mit der Darstellung des Hahns beginnen und dann im Uhrzeigersinn den Emaille-Arbeiten nachgehen: Hahn (Bu\u00dfe), Kelch, Brot und Fisch (Eucharistie), Taube (Firmung), Hirsch am Wasser (Taufe), Ringe (Ehe), Kelch, Hostie (Priesterweihe), \u00d6lzweig (Krankensalbung).<\/span><\/p>\n<h4 style=\"text-align: center\"><span style=\"font-size: 14pt;font-family: 'times new roman', times, serif\">Marienstatue \u00fcber 200 Jahre alt<\/span><\/h4>\n<p style=\"text-align: center\"><span style=\"font-size: 14pt;font-family: 'times new roman', times, serif\"><img loading=\"lazy\" decoding=\"async\" class=\"wp-image-926 alignnone\" src=\"https:\/\/wismar.ansgar-portal.de\/wp-content\/uploads\/sites\/20\/2018\/11\/maria-216x300.jpg\" alt=\"\" width=\"264\" height=\"367\" srcset=\"https:\/\/katholische-kirche-wismar.de\/wp-content\/uploads\/sites\/20\/2018\/11\/maria-216x300.jpg 216w, https:\/\/katholische-kirche-wismar.de\/wp-content\/uploads\/sites\/20\/2018\/11\/maria.jpg 281w\" sizes=\"auto, (max-width: 264px) 100vw, 264px\" \/><\/span><\/p>\n<p style=\"text-align: center\"><span style=\"font-size: 14pt;font-family: 'times new roman', times, serif\">Auf dem Seitenaltar steht eine Marienstatue, die \u00fcber 200 Jahre alt ist. Sie stammt aus dem Familienbesitz des Bauern Lukas Fey aus W\u00fcrzburg, der sie nach Mecklenburg-Vorpommern mitbrachte, als er in den 1920er Jahren in Schwetzin (n\u00f6rdlich von Teterow) siedelte. Wegen der drohenden Zwangsenteignung zugunsten der sog. Landwirtschaftlichen Produktionsgenossenschaften verlie\u00df die Familie Fey 1960 heimlich die DDR und kehrte in ihre alte Heimat zur\u00fcck.Vor der Flucht versteckte sie die Madonna in der Gemeinde Matgendorf. Sp\u00e4ter wurde die Statue der damaligen Kirchengemeinde Neukloster \u00fcbergeben und schm\u00fcckte 1964 zun\u00e4chst die Notkapelle, die im Schafstall der Scheune eingerichtet worden war. Seit 1967 hat sie einen Ehrenplatz in der Kirche.<\/span><\/p>\n<h4 style=\"text-align: center\"><span style=\"font-size: 14pt;font-family: 'times new roman', times, serif\">Grotte mit Marienstatue aus belgischem Wallfahrtsort<\/span><\/h4>\n<p style=\"text-align: center\"><span style=\"font-size: 14pt;font-family: 'times new roman', times, serif\"><img loading=\"lazy\" decoding=\"async\" class=\"wp-image-924 alignnone\" src=\"https:\/\/wismar.ansgar-portal.de\/wp-content\/uploads\/sites\/20\/2018\/11\/grotte-300x234.jpg\" alt=\"\" width=\"300\" height=\"234\" srcset=\"https:\/\/katholische-kirche-wismar.de\/wp-content\/uploads\/sites\/20\/2018\/11\/grotte-300x234.jpg 300w, https:\/\/katholische-kirche-wismar.de\/wp-content\/uploads\/sites\/20\/2018\/11\/grotte.jpg 398w\" sizes=\"auto, (max-width: 300px) 100vw, 300px\" \/><\/span><\/p>\n<p style=\"text-align: center\"><span style=\"font-size: 14pt;font-family: 'times new roman', times, serif\">Aus dem belgischen Wallfahrtsort Banneux stammt die Marienstatue, die im Mittelpunkt der 1984 errichteten Grotte auf dem hinteren Teil des Kirchengrundst\u00fccks steht. Die Inschrift auf dem Sockel lautet: &#8222;Heilige Maria, Mutter der Armen, bitte f\u00fcr uns!&#8220; Oft verweilen stille Beter an dieser k\u00fcnstlichen Grotte und stellen Blumen oder Kerzen vor der &#8222;Jungfrau der Armen&#8220; hin.<\/span><\/p>\n","protected":false},"excerpt":{"rendered":"<p>&nbsp; Nach langwierigen und schwierigsten Verhandlungen mit den damaligen DDR-Machthabern durfte in Neukloster das Scheunengrundst\u00fcck an der Karl-Marx-Stra\u00dfe 16 (heute: Eichholzstra\u00dfe) gekauft und in Jahren vieler freiwilliger Arbeitseins\u00e4tze und Aufbaustunden umgestaltet werden. Der Schweriner Weihbischof Dr. Bernhard Schr\u00e4der weihte am 9. Dezember 1967 die durch den Umbau entstandene Kirche &#8222;der in den Himmel aufgenommenen Gottesmutter &hellip; <a href=\"https:\/\/katholische-kirche-wismar.de\/?page_id=20\" class=\"more-link\"><span class=\"screen-reader-text\">Gemeinde Mari\u00e4 Himmelfahrt<\/span> weiterlesen <span class=\"meta-nav\">&rarr;<\/span><\/a><\/p>\n","protected":false},"author":287,"featured_media":0,"parent":2,"menu_order":2,"comment_status":"closed","ping_status":"closed","template":"","meta":{"jetpack_post_was_ever_published":false,"footnotes":""},"class_list":["post-20","page","type-page","status-publish","hentry"],"jetpack_sharing_enabled":true,"jetpack_shortlink":"https:\/\/wp.me\/PcRq38-k","_links":{"self":[{"href":"https:\/\/katholische-kirche-wismar.de\/index.php?rest_route=\/wp\/v2\/pages\/20","targetHints":{"allow":["GET"]}}],"collection":[{"href":"https:\/\/katholische-kirche-wismar.de\/index.php?rest_route=\/wp\/v2\/pages"}],"about":[{"href":"https:\/\/katholische-kirche-wismar.de\/index.php?rest_route=\/wp\/v2\/types\/page"}],"author":[{"embeddable":true,"href":"https:\/\/katholische-kirche-wismar.de\/index.php?rest_route=\/wp\/v2\/users\/287"}],"replies":[{"embeddable":true,"href":"https:\/\/katholische-kirche-wismar.de\/index.php?rest_route=%2Fwp%2Fv2%2Fcomments&post=20"}],"version-history":[{"count":0,"href":"https:\/\/katholische-kirche-wismar.de\/index.php?rest_route=\/wp\/v2\/pages\/20\/revisions"}],"up":[{"embeddable":true,"href":"https:\/\/katholische-kirche-wismar.de\/index.php?rest_route=\/wp\/v2\/pages\/2"}],"wp:attachment":[{"href":"https:\/\/katholische-kirche-wismar.de\/index.php?rest_route=%2Fwp%2Fv2%2Fmedia&parent=20"}],"curies":[{"name":"wp","href":"https:\/\/api.w.org\/{rel}","templated":true}]}}