{"id":202,"date":"2018-09-17T14:03:35","date_gmt":"2018-09-17T12:03:35","guid":{"rendered":"http:\/\/wp1137867.server-he.de\/?page_id=202"},"modified":"2026-03-03T11:01:08","modified_gmt":"2026-03-03T10:01:08","slug":"st-laurentius-markt","status":"publish","type":"page","link":"https:\/\/katholische-kirche-wismar.de\/?page_id=202","title":{"rendered":"St. Laurentius-Markt"},"content":{"rendered":"<h2 style=\"text-align: center\"><\/h2>\n<h2 style=\"text-align: center\"><span style=\"font-family: 'times new roman', times, serif;font-size: 18pt\">Flohmarkt f\u00fcr Kindersachen und Spielzeug<\/span><\/h2>\n<p style=\"text-align: center\"><span style=\"font-family: 'times new roman', times, serif;font-size: 14pt\">Im Fr\u00fchjahr und im Herbst finden die Flohm\u00e4rkte f\u00fcr Kindersachen und Spielzeug im St.-Laurentius-Haus in Wismar statt. Wer dort Sachen verkaufen m\u00f6chte, steht nicht selbst hinter seinem Stand, sondern braucht eine Nummer, die man nur am Mittwoch &#8211; zwei Wochen vor dem Flohmarkt &#8211; in der Zeit von 19.00 bis 21.00 Uhr unter den Tel. Nr.:<\/span><\/p>\n<p style=\"text-align: center\">0157 5528557 oder \u00a00157 55285558<\/p>\n<p style=\"text-align: center\"><span style=\"font-family: 'times new roman', times, serif;font-size: 14pt\">bekommt. Die Termine f\u00fcr den Flohmarkt erfahren Sie \u00fcber die Caritas Wismar 03841-2243211, das Pfarrb\u00fcro 03841-282328 bzw. durch die Zeitung.<\/span><\/p>\n<p style=\"text-align: center\"><span style=\"font-family: 'times new roman', times, serif;font-size: 14pt\">Wer eine Nummer hat, erh\u00e4lt eine Mail mit genauen Informationen. 30% des Gewinns spendet jeder Verk\u00e4ufer f\u00fcr Projekte der Kinder- und Jugendarbeit in der Stadt Wismar und der Laurentiusgemeinde. In den vergangenen Jahren konnten so schon \u201eDie Tafel\u201c, \u201eDas Boot\u201c, der Sozialdienst katholischer Frauen, das \u201eFest der Begegnung\u201c auf dem Turnplatz, der \u00d6kumenische Kirchenladen, das Frauenhaus, die Religi\u00f6se Kinderwoche der Laurentiusgemeinde, das Patenkind Agnes in Tansania und vieles andere unterst\u00fctzt werden.<\/span><\/p>\n<p style=\"text-align: center\"><span style=\"font-family: 'times new roman', times, serif;font-size: 14pt\">Wir freuen uns immer \u00fcber neue K\u00e4ufer und Verk\u00e4ufer!<\/span><\/p>\n<p style=\"text-align: center\"><em><span style=\"font-family: 'times new roman', times, serif;font-size: 14pt\">F\u00fcr das Flohmarkt-Team<\/span><\/em><\/p>\n<p style=\"text-align: center\"><em><span style=\"font-family: 'times new roman', times, serif;font-size: 14pt\">Gisela Herrmann-Kanzler (Caritas Wismar) und Monika Schulz (St. Laurentius Gemeinde)<\/span><\/em><\/p>\n","protected":false},"excerpt":{"rendered":"<p>Flohmarkt f\u00fcr Kindersachen und Spielzeug Im Fr\u00fchjahr und im Herbst finden die Flohm\u00e4rkte f\u00fcr Kindersachen und Spielzeug im St.-Laurentius-Haus in Wismar statt. Wer dort Sachen verkaufen m\u00f6chte, steht nicht selbst hinter seinem Stand, sondern braucht eine Nummer, die man nur am Mittwoch &#8211; zwei Wochen vor dem Flohmarkt &#8211; in der Zeit von 19.00 bis &hellip; <a href=\"https:\/\/katholische-kirche-wismar.de\/?page_id=202\" class=\"more-link\"><span class=\"screen-reader-text\">St. Laurentius-Markt<\/span> weiterlesen <span class=\"meta-nav\">&rarr;<\/span><\/a><\/p>\n","protected":false},"author":287,"featured_media":0,"parent":0,"menu_order":0,"comment_status":"closed","ping_status":"closed","template":"","meta":{"jetpack_post_was_ever_published":false,"footnotes":""},"class_list":["post-202","page","type-page","status-publish","hentry"],"jetpack_sharing_enabled":true,"jetpack_shortlink":"https:\/\/wp.me\/PcRq38-3g","_links":{"self":[{"href":"https:\/\/katholische-kirche-wismar.de\/index.php?rest_route=\/wp\/v2\/pages\/202","targetHints":{"allow":["GET"]}}],"collection":[{"href":"https:\/\/katholische-kirche-wismar.de\/index.php?rest_route=\/wp\/v2\/pages"}],"about":[{"href":"https:\/\/katholische-kirche-wismar.de\/index.php?rest_route=\/wp\/v2\/types\/page"}],"author":[{"embeddable":true,"href":"https:\/\/katholische-kirche-wismar.de\/index.php?rest_route=\/wp\/v2\/users\/287"}],"replies":[{"embeddable":true,"href":"https:\/\/katholische-kirche-wismar.de\/index.php?rest_route=%2Fwp%2Fv2%2Fcomments&post=202"}],"version-history":[{"count":1,"href":"https:\/\/katholische-kirche-wismar.de\/index.php?rest_route=\/wp\/v2\/pages\/202\/revisions"}],"predecessor-version":[{"id":4553,"href":"https:\/\/katholische-kirche-wismar.de\/index.php?rest_route=\/wp\/v2\/pages\/202\/revisions\/4553"}],"wp:attachment":[{"href":"https:\/\/katholische-kirche-wismar.de\/index.php?rest_route=%2Fwp%2Fv2%2Fmedia&parent=202"}],"curies":[{"name":"wp","href":"https:\/\/api.w.org\/{rel}","templated":true}]}}