{"id":212,"date":"2018-09-17T14:07:07","date_gmt":"2018-09-17T12:07:07","guid":{"rendered":"http:\/\/wp1137867.server-he.de\/?page_id=212"},"modified":"2019-03-13T23:28:06","modified_gmt":"2019-03-13T22:28:06","slug":"blaeser","status":"publish","type":"page","link":"https:\/\/katholische-kirche-wismar.de\/?page_id=212","title":{"rendered":"Bl\u00e4sergruppe"},"content":{"rendered":"<p>&nbsp;<\/p>\n<p><span style=\"font-family: 'times new roman', times, serif;font-size: 14pt\"><img loading=\"lazy\" decoding=\"async\" class=\"wp-image-947 aligncenter\" src=\"https:\/\/wismar.ansgar-portal.de\/wp-content\/uploads\/sites\/20\/2018\/11\/ATT00081-300x171-300x171.jpg\" alt=\"\" width=\"309\" height=\"177\" \/><\/span><\/p>\n<p style=\"text-align: center\"><span style=\"font-family: 'times new roman', times, serif;font-size: 14pt\">Die Bl\u00e4sergruppe besteht seit den fr\u00fchen 1960er Jahren und blickt somit auf eine \u00fcber 50j\u00e4hrige Geschichte zur\u00fcck. Gegr\u00fcndet wurde Diese damals in Warin durch den dortigen Pfarrer Josef Traeger. Dieser beschaffte Instrumente und Noten, sprach Gemeindemitglieder an und nahm die Probenarbeit auf.<\/span><\/p>\n<p style=\"text-align: center\"><span style=\"font-family: 'times new roman', times, serif;font-size: 14pt\">Die Besetzung bestand nicht immer ausschlie\u00dflich aus Blechblasinstrumenten, sondern wurde auch zeitweilig durch Holzbl\u00e4ser erg\u00e4nzt. Geblasen wurde vornehmlich zu den Kirchenhochfesten wie Weihnachten und Fronleichnam, aber auch zu Feierlichkeiten innerhalb und au\u00dferhalb der Gemeinde.<\/span><\/p>\n<p style=\"text-align: center\"><span style=\"font-family: 'times new roman', times, serif;font-size: 14pt\">Im Sommer 1989 kam der frisch ausgebildete Kirchenmusiker Stephan Beyrau in die Kirchgemeinde und \u00fcbernahm \u2013 neben anderen Aufgaben \u2013 auch die Leitung der Bl\u00e4sergruppe. Der bis dahin nur sporadische Probenturnus wurde auf 1x w\u00f6chentlich erh\u00f6ht und damit Qualit\u00e4t und Ausdauer gesteigert. Nachwuchsbl\u00e4ser wurden ebenfalls durch den Kirchenmusiker ausgebildet, so dass die Gruppe gr\u00f6\u00dfer werden konnte. Im Jahr 1999 verlie\u00df Stephan Beyrau die Gemeinde und \u00fcbergab die Leitung an Dietmar Hoffmann, welcher bis heute hier ehrenamtlich t\u00e4tig ist.<\/span><\/p>\n<p style=\"text-align: center\"><span style=\"font-family: 'times new roman', times, serif;font-size: 14pt\">Momentan besteht die Gruppe aus 8-10 Blechbl\u00e4sern aus Neukloster, Wismar und Warin und kommt j\u00e4hrlich auf ca. 15-20 Auftritte. Zur Bl\u00e4sergruppe der Nachbargemeinde Schwerin wird seit vielen Jahren musikalischer Austausch gepflegt. Die Dekanatswallfahrt in Dreil\u00fctzow, Himmelfahrt und Christk\u00f6nig sind nur einige der gemeinsam gestalteten Gottesdienste. Hinzu kommen noch Gemeindefeste und andere private Veranstaltungen. Es wird von einigen Bl\u00e4sern auch mal gern in der anderen Gruppe ausgeholfen, wenn mal \u00b4Not am Mann\u00b4 ist.<\/span><\/p>\n<p style=\"text-align: center\"><span style=\"font-family: 'times new roman', times, serif;font-size: 14pt\">Musiziert wird klassisch 4-stimmig \u2013 vergleichbar mit einem Kirchenchor oder einem evangelischen Posaunenchor. Das Notenmaterial wird vorwiegend digital aufbereitet und liegt somit in allen Stimmungen bereit. Das erm\u00f6glicht das Zusammenspiel mit anderen Instrumentengattungen und auch evangelischen Bl\u00e4sern, welche eine eigene Notenlesart haben. Die praktizierten Musikstile erstrecken \u00b4querbeet\u00b4 sich \u00fcber mehrere Jahrhunderte von der Renaissance bis in die Neuzeit.<\/span><\/p>\n<p style=\"text-align: center\"><span style=\"font-family: 'times new roman', times, serif;font-size: 14pt\">Die Proben finden derzeit in Neukloster im Gemeindezentrum freitags von 19:45-21:15 Uhr statt. Neuank\u00f6mmlinge und Quereinsteiger (Blech oder Holz) sind jederzeit willkommen und eingeladen, in der Gruppe mitzuspielen. Bei Bedarf kann auch Grundlagenunterricht zum \u00b4Blechblasen\u00b4 erteilt werden.<\/span><\/p>\n<p style=\"text-align: center\"><em><span style=\"font-family: 'times new roman', times, serif;font-size: 14pt\">Ansprechpartner: Dietmar Hoffmann<\/span><\/em><\/p>\n","protected":false},"excerpt":{"rendered":"<p>&nbsp; Die Bl\u00e4sergruppe besteht seit den fr\u00fchen 1960er Jahren und blickt somit auf eine \u00fcber 50j\u00e4hrige Geschichte zur\u00fcck. Gegr\u00fcndet wurde Diese damals in Warin durch den dortigen Pfarrer Josef Traeger. Dieser beschaffte Instrumente und Noten, sprach Gemeindemitglieder an und nahm die Probenarbeit auf. Die Besetzung bestand nicht immer ausschlie\u00dflich aus Blechblasinstrumenten, sondern wurde auch zeitweilig &hellip; <a href=\"https:\/\/katholische-kirche-wismar.de\/?page_id=212\" class=\"more-link\"><span class=\"screen-reader-text\">Bl\u00e4sergruppe<\/span> weiterlesen <span class=\"meta-nav\">&rarr;<\/span><\/a><\/p>\n","protected":false},"author":287,"featured_media":0,"parent":0,"menu_order":0,"comment_status":"closed","ping_status":"closed","template":"","meta":{"jetpack_post_was_ever_published":false,"footnotes":""},"class_list":["post-212","page","type-page","status-publish","hentry"],"jetpack_sharing_enabled":true,"jetpack_shortlink":"https:\/\/wp.me\/PcRq38-3q","_links":{"self":[{"href":"https:\/\/katholische-kirche-wismar.de\/index.php?rest_route=\/wp\/v2\/pages\/212","targetHints":{"allow":["GET"]}}],"collection":[{"href":"https:\/\/katholische-kirche-wismar.de\/index.php?rest_route=\/wp\/v2\/pages"}],"about":[{"href":"https:\/\/katholische-kirche-wismar.de\/index.php?rest_route=\/wp\/v2\/types\/page"}],"author":[{"embeddable":true,"href":"https:\/\/katholische-kirche-wismar.de\/index.php?rest_route=\/wp\/v2\/users\/287"}],"replies":[{"embeddable":true,"href":"https:\/\/katholische-kirche-wismar.de\/index.php?rest_route=%2Fwp%2Fv2%2Fcomments&post=212"}],"version-history":[{"count":0,"href":"https:\/\/katholische-kirche-wismar.de\/index.php?rest_route=\/wp\/v2\/pages\/212\/revisions"}],"wp:attachment":[{"href":"https:\/\/katholische-kirche-wismar.de\/index.php?rest_route=%2Fwp%2Fv2%2Fmedia&parent=212"}],"curies":[{"name":"wp","href":"https:\/\/api.w.org\/{rel}","templated":true}]}}