{"id":442,"date":"2018-09-17T13:50:46","date_gmt":"2018-09-17T11:50:46","guid":{"rendered":"http:\/\/wp1137867.server-he.de\/?page_id=442"},"modified":"2021-03-04T13:32:52","modified_gmt":"2021-03-04T12:32:52","slug":"gemeinde-st-laurentius","status":"publish","type":"page","link":"https:\/\/katholische-kirche-wismar.de\/?page_id=442","title":{"rendered":"Gemeinde St. Laurentius"},"content":{"rendered":"<figure id=\"attachment_1214\" aria-describedby=\"caption-attachment-1214\" style=\"width: 263px\" class=\"wp-caption aligncenter\"><img loading=\"lazy\" decoding=\"async\" class=\"wp-image-1214\" src=\"https:\/\/www.katholische-kirche-wismar.de\/wp-content\/uploads\/sites\/20\/2019\/03\/IMG_9558-e1552053149749-225x300.jpg\" alt=\"\" width=\"263\" height=\"350\" srcset=\"https:\/\/katholische-kirche-wismar.de\/wp-content\/uploads\/sites\/20\/2019\/03\/IMG_9558-e1552053149749-225x300.jpg 225w, https:\/\/katholische-kirche-wismar.de\/wp-content\/uploads\/sites\/20\/2019\/03\/IMG_9558-e1552053149749-768x1024.jpg 768w\" sizes=\"auto, (max-width: 263px) 100vw, 263px\" \/><figcaption id=\"caption-attachment-1214\" class=\"wp-caption-text\"><span style=\"font-family: 'times new roman', times, serif;font-size: 14pt\">Kirche St.Laurentius<\/span><\/figcaption><\/figure>\n<p style=\"text-align: center\"><span style=\"font-family: 'times new roman', times, serif;font-size: 14pt\">Bevor die Reformation ihren Einzug in Mecklenburg hielt, gab es in Wismar und Neukloster reges katholisches Leben. Davon k\u00fcnden heute noch die wichtigsten Bauwerke an beiden Orten: St. Marien (Turm) und St. Georgen (wieder aufgebaut), St. Nikolai und Heiligen Geist, Schwarzes (Dominikaner-)Kloster und Archidiakonat in Wismar sowie Kloster Sonnenkamp mit Stiftskirche zum Hl. Kreuz in Neukloster.<\/span><\/p>\n<figure id=\"attachment_1221\" aria-describedby=\"caption-attachment-1221\" style=\"width: 340px\" class=\"wp-caption aligncenter\"><img loading=\"lazy\" decoding=\"async\" class=\"wp-image-1221\" src=\"https:\/\/www.katholische-kirche-wismar.de\/wp-content\/uploads\/sites\/20\/2019\/03\/IMG_9565-300x225.jpg\" alt=\"\" width=\"340\" height=\"255\" srcset=\"https:\/\/katholische-kirche-wismar.de\/wp-content\/uploads\/sites\/20\/2019\/03\/IMG_9565-300x225.jpg 300w, https:\/\/katholische-kirche-wismar.de\/wp-content\/uploads\/sites\/20\/2019\/03\/IMG_9565-768x576.jpg 768w, https:\/\/katholische-kirche-wismar.de\/wp-content\/uploads\/sites\/20\/2019\/03\/IMG_9565-1024x768.jpg 1024w\" sizes=\"auto, (max-width: 340px) 100vw, 340px\" \/><figcaption id=\"caption-attachment-1221\" class=\"wp-caption-text\"><span style=\"font-family: 'times new roman', times, serif;font-size: 14pt\">Blick vom Altar<\/span><\/figcaption><\/figure>\n<p style=\"text-align: center\"><span style=\"font-family: 'times new roman', times, serif;font-size: 14pt\">Mitte des 16.\u00a0Jahrhunderts schlossen sich dort die Pforten f\u00fcr die katholischen Zisterzienserinnen. 1575 erlosch mit dem Tod des Dominikanerpriors das katholische Leben in Wismar.<\/span><\/p>\n<p style=\"text-align: center\"><span style=\"font-family: 'times new roman', times, serif;font-size: 14pt\">Erst 300 Jahre sp\u00e4ter wurde wieder regelm\u00e4\u00dfig katholischer Gottesdienst (f\u00fcr franz\u00f6sische Kriegsgefangene) in Wismar gefeiert. 1901 erhielten die Katholiken die Erlaubnis, eine eigene Kirche zu bauen. Bereits ein Jahr sp\u00e4ter wurde die St.-Laurentius-Kirche durch Bischof Hubertus Vo\u00df aus Osnabr\u00fcck geweiht.<\/span><\/p>\n<figure id=\"attachment_1203\" aria-describedby=\"caption-attachment-1203\" style=\"width: 367px\" class=\"wp-caption aligncenter\"><img loading=\"lazy\" decoding=\"async\" class=\"wp-image-1203\" src=\"https:\/\/www.katholische-kirche-wismar.de\/wp-content\/uploads\/sites\/20\/2019\/03\/IMG_9540-300x225.jpg\" alt=\"\" width=\"367\" height=\"275\" srcset=\"https:\/\/katholische-kirche-wismar.de\/wp-content\/uploads\/sites\/20\/2019\/03\/IMG_9540-300x225.jpg 300w, https:\/\/katholische-kirche-wismar.de\/wp-content\/uploads\/sites\/20\/2019\/03\/IMG_9540-768x576.jpg 768w, https:\/\/katholische-kirche-wismar.de\/wp-content\/uploads\/sites\/20\/2019\/03\/IMG_9540-1024x768.jpg 1024w\" sizes=\"auto, (max-width: 367px) 100vw, 367px\" \/><figcaption id=\"caption-attachment-1203\" class=\"wp-caption-text\"><span style=\"font-family: 'times new roman', times, serif;font-size: 14pt\">Kirche St.Laurentius<\/span><\/figcaption><\/figure>\n<p style=\"text-align: center\"><span style=\"font-family: 'times new roman', times, serif;font-size: 14pt\">Es ist die erste katholische Kirche in Mecklenburg nach der Reformation mit einem Glockenturm. Zwar nimmt sich der Turm mit einer Gesamth\u00f6he von 37 m gegen\u00fcber den T\u00fcrmen der alten Gottesh\u00e4user der Stadt recht bescheiden aus \u2013 immerhin w\u00fcrde die Kirche mit ihrem Turm in das Mittelschiff der Nikolaikirche passen! -, f\u00fcr die in der Zerstreuung lebenden Katholiken in Wismar und Umgebung ist er aber doch ein echter Sammlungspunkt.<\/span><\/p>\n<figure id=\"attachment_1231\" aria-describedby=\"caption-attachment-1231\" style=\"width: 265px\" class=\"wp-caption aligncenter\"><img loading=\"lazy\" decoding=\"async\" class=\"wp-image-1231\" src=\"https:\/\/www.katholische-kirche-wismar.de\/wp-content\/uploads\/sites\/20\/2019\/03\/IMG_9575-e1552053182937-225x300.jpg\" alt=\"\" width=\"265\" height=\"353\" srcset=\"https:\/\/katholische-kirche-wismar.de\/wp-content\/uploads\/sites\/20\/2019\/03\/IMG_9575-e1552053182937-225x300.jpg 225w, https:\/\/katholische-kirche-wismar.de\/wp-content\/uploads\/sites\/20\/2019\/03\/IMG_9575-e1552053182937-768x1024.jpg 768w\" sizes=\"auto, (max-width: 265px) 100vw, 265px\" \/><figcaption id=\"caption-attachment-1231\" class=\"wp-caption-text\"><span style=\"font-family: 'times new roman', times, serif;font-size: 14pt\">Eingang<\/span><\/figcaption><\/figure>\n<p style=\"text-align: center\"><span style=\"font-family: 'times new roman', times, serif;font-size: 14pt\">Wie gro\u00dffl\u00e4chig die 1903 gegr\u00fcndete Kirchengemeinde St. Laurentius zu Wismar damals zugeschnitten war, erkennt man an den Abtrennungen nach dem gro\u00dfen Fl\u00fcchtlingszustrom am Ende des 2.\u00a0Weltkrieges. 1945 entstanden auf dem bisherigen Gebiet der St.-Laurentius-Gemeinde die Kirchengemeinden Grevesm\u00fchlen, Dassow und Warin; 1947 folgten Rerik, Rehna, Neubukow und Kl\u00fctz. 1970 wurde die Seelsorgestelle Neukloster von Warin abgetrennt. Alle diese Gemeinden hatten damals ihre eigenen Seelsorger und Laienmitarbeiter.<\/span><\/p>\n<figure id=\"attachment_313\" aria-describedby=\"caption-attachment-313\" style=\"width: 330px\" class=\"wp-caption aligncenter\"><img loading=\"lazy\" decoding=\"async\" class=\"wp-image-313\" src=\"https:\/\/www.katholische-kirche-wismar.de\/wp-content\/uploads\/sites\/20\/2018\/03\/IMG_3780-e1526653683157-300x300.jpg\" alt=\"\" width=\"330\" height=\"330\" srcset=\"https:\/\/katholische-kirche-wismar.de\/wp-content\/uploads\/sites\/20\/2018\/03\/IMG_3780-e1526653683157-300x300.jpg 300w, https:\/\/katholische-kirche-wismar.de\/wp-content\/uploads\/sites\/20\/2018\/03\/IMG_3780-e1526653683157-150x150.jpg 150w, https:\/\/katholische-kirche-wismar.de\/wp-content\/uploads\/sites\/20\/2018\/03\/IMG_3780-e1526653683157-768x768.jpg 768w, https:\/\/katholische-kirche-wismar.de\/wp-content\/uploads\/sites\/20\/2018\/03\/IMG_3780-e1526653683157-1024x1024.jpg 1024w\" sizes=\"auto, (max-width: 330px) 100vw, 330px\" \/><figcaption id=\"caption-attachment-313\" class=\"wp-caption-text\"><span style=\"font-family: 'times new roman', times, serif;font-size: 14pt\">Marienkapelle<\/span><\/figcaption><\/figure>\n<p style=\"text-align: center\"><span style=\"font-family: 'times new roman', times, serif;font-size: 14pt\">Sp\u00e4ter setzte eine gegenl\u00e4ufige Entwicklung ein. Im Jahr 2000 wurde Warin mit seinem Gemeindezentrum St. Josef seiner Tochtergr\u00fcndung Neukloster zugeordnet. Seit 2003 ist der Pfarrer von St. Laurentius, Wismar, auch Pfarrer von Neukloster und Warin. Am 1. Januar 2009 wurde die Pfarrei Neukloster mit Wismar verbunden. Die neue und alte Pfarrei hei\u00dft St. Laurentius, Wismar und wurde am 14.05.2017 neugegr\u00fcndet. Pfarrer dieser Pfarrei ist seit dem 1. September 2012 Pfarrer Peter Schwientek.<\/span><\/p>\n<p><a href=\"https:\/\/www.katholische-kirche-wismar.de\/wp-content\/uploads\/sites\/20\/2021\/03\/P1090282-scaled.jpg\"><img loading=\"lazy\" decoding=\"async\" class=\"alignnone size-large wp-image-2699\" src=\"https:\/\/www.katholische-kirche-wismar.de\/wp-content\/uploads\/sites\/20\/2021\/03\/P1090282-1024x768.jpg\" alt=\"\" width=\"755\" height=\"566\" srcset=\"https:\/\/katholische-kirche-wismar.de\/wp-content\/uploads\/sites\/20\/2021\/03\/P1090282-1024x768.jpg 1024w, https:\/\/katholische-kirche-wismar.de\/wp-content\/uploads\/sites\/20\/2021\/03\/P1090282-300x225.jpg 300w, https:\/\/katholische-kirche-wismar.de\/wp-content\/uploads\/sites\/20\/2021\/03\/P1090282-768x576.jpg 768w, https:\/\/katholische-kirche-wismar.de\/wp-content\/uploads\/sites\/20\/2021\/03\/P1090282-1536x1152.jpg 1536w, https:\/\/katholische-kirche-wismar.de\/wp-content\/uploads\/sites\/20\/2021\/03\/P1090282-2048x1536.jpg 2048w\" sizes=\"auto, (max-width: 755px) 100vw, 755px\" \/><\/a><\/p>\n<p style=\"text-align: center\"><span style=\"font-family: 'times new roman', times, serif;font-size: 14pt\">Das Geb\u00e4ude ist 32 m lang, 14,5 breit und im Mittelschiff 10 m hoch<\/span><\/p>\n<p><a href=\"https:\/\/www.katholische-kirche-wismar.de\/wp-content\/uploads\/sites\/20\/2021\/03\/P1090290-scaled.jpg\"><img loading=\"lazy\" decoding=\"async\" class=\"alignnone size-large wp-image-2700\" src=\"https:\/\/www.katholische-kirche-wismar.de\/wp-content\/uploads\/sites\/20\/2021\/03\/P1090290-1024x768.jpg\" alt=\"\" width=\"755\" height=\"566\" srcset=\"https:\/\/katholische-kirche-wismar.de\/wp-content\/uploads\/sites\/20\/2021\/03\/P1090290-1024x768.jpg 1024w, https:\/\/katholische-kirche-wismar.de\/wp-content\/uploads\/sites\/20\/2021\/03\/P1090290-300x225.jpg 300w, https:\/\/katholische-kirche-wismar.de\/wp-content\/uploads\/sites\/20\/2021\/03\/P1090290-768x576.jpg 768w, https:\/\/katholische-kirche-wismar.de\/wp-content\/uploads\/sites\/20\/2021\/03\/P1090290-1536x1152.jpg 1536w, https:\/\/katholische-kirche-wismar.de\/wp-content\/uploads\/sites\/20\/2021\/03\/P1090290-2048x1536.jpg 2048w\" sizes=\"auto, (max-width: 755px) 100vw, 755px\" \/><\/a><\/p>\n<p style=\"text-align: center\"><span style=\"font-family: 'times new roman', times, serif;font-size: 14pt\">Der neue Zelebrationsaltar wurde 2008 aufgestellt. Im selben Jahr fand eine umfassende Umgestaltung des Raumes statt.<\/span><\/p>\n<figure id=\"attachment_1219\" aria-describedby=\"caption-attachment-1219\" style=\"width: 300px\" class=\"wp-caption aligncenter\"><img loading=\"lazy\" decoding=\"async\" class=\"wp-image-1219 size-medium\" src=\"https:\/\/www.katholische-kirche-wismar.de\/wp-content\/uploads\/sites\/20\/2019\/03\/IMG_9563-300x225.jpg\" alt=\"\" width=\"300\" height=\"225\" srcset=\"https:\/\/katholische-kirche-wismar.de\/wp-content\/uploads\/sites\/20\/2019\/03\/IMG_9563-300x225.jpg 300w, https:\/\/katholische-kirche-wismar.de\/wp-content\/uploads\/sites\/20\/2019\/03\/IMG_9563-768x576.jpg 768w, https:\/\/katholische-kirche-wismar.de\/wp-content\/uploads\/sites\/20\/2019\/03\/IMG_9563-1024x768.jpg 1024w\" sizes=\"auto, (max-width: 300px) 100vw, 300px\" \/><figcaption id=\"caption-attachment-1219\" class=\"wp-caption-text\"><span style=\"font-family: 'times new roman', times, serif;font-size: 14pt\">Tabernakel<\/span><\/figcaption><\/figure>\n<p style=\"text-align: center\"><span style=\"font-family: 'times new roman', times, serif;font-size: 14pt\">Das Relief des Tabernakels zeigt die Einsetzung der Eucharistie w\u00e4hrend des letzten Abendmahles<\/span><\/p>\n<figure id=\"attachment_1216\" aria-describedby=\"caption-attachment-1216\" style=\"width: 348px\" class=\"wp-caption aligncenter\"><img loading=\"lazy\" decoding=\"async\" class=\"wp-image-1216\" src=\"https:\/\/www.katholische-kirche-wismar.de\/wp-content\/uploads\/sites\/20\/2019\/03\/IMG_9560-300x225.jpg\" alt=\"\" width=\"348\" height=\"261\" srcset=\"https:\/\/katholische-kirche-wismar.de\/wp-content\/uploads\/sites\/20\/2019\/03\/IMG_9560-300x225.jpg 300w, https:\/\/katholische-kirche-wismar.de\/wp-content\/uploads\/sites\/20\/2019\/03\/IMG_9560-768x576.jpg 768w, https:\/\/katholische-kirche-wismar.de\/wp-content\/uploads\/sites\/20\/2019\/03\/IMG_9560-1024x768.jpg 1024w\" sizes=\"auto, (max-width: 348px) 100vw, 348px\" \/><figcaption id=\"caption-attachment-1216\" class=\"wp-caption-text\"><span style=\"font-family: 'times new roman', times, serif;font-size: 14pt\">Altarfenster<\/span><\/figcaption><\/figure>\n<p style=\"text-align: center\"><span style=\"font-family: 'times new roman', times, serif;font-size: 14pt\">Im Zweiten Weltkrieg wurde das 1902 eingesetzte Altarfenster zerst\u00f6rt. Der Leiter des Ateliers f\u00fcr Glasmalerei in Weimar, A. Annys gestaltete 1948 drei neue Rundbogenfenster. Sie zeigen Darstellungen der Dreifaltigkeit und weisen auf die Bedeutung der Sakramente hin.<\/span><\/p>\n<figure id=\"attachment_1232\" aria-describedby=\"caption-attachment-1232\" style=\"width: 253px\" class=\"wp-caption aligncenter\"><img loading=\"lazy\" decoding=\"async\" class=\"wp-image-1232 \" src=\"https:\/\/www.katholische-kirche-wismar.de\/wp-content\/uploads\/sites\/20\/2019\/03\/IMG_9576-e1552053170638-225x300.jpg\" alt=\"\" width=\"253\" height=\"337\" srcset=\"https:\/\/katholische-kirche-wismar.de\/wp-content\/uploads\/sites\/20\/2019\/03\/IMG_9576-e1552053170638-225x300.jpg 225w, https:\/\/katholische-kirche-wismar.de\/wp-content\/uploads\/sites\/20\/2019\/03\/IMG_9576-e1552053170638-768x1024.jpg 768w\" sizes=\"auto, (max-width: 253px) 100vw, 253px\" \/><figcaption id=\"caption-attachment-1232\" class=\"wp-caption-text\"><span style=\"font-family: 'times new roman', times, serif;font-size: 14pt\">Orgel<\/span><\/figcaption><\/figure>\n<p style=\"text-align: center\"><span style=\"font-family: 'times new roman', times, serif;font-size: 14pt\">Die gro\u00dfe Orgel wurde von 1991 bis 1992 von der Orgelbaufirma Schuke aus Potsdam aufgestellt. Das Instrument besitzt zwei Manuale mit je f\u00fcnf Registern, ein Pedal mit f\u00fcnf Registern und 1178 Pfeifen aus Kupfer, Zinn und Holz.<sup id=\"cite_ref-7\" class=\"reference\"><\/sup>Am 26. Januar 1992 wurde die neue Orgel geweiht.<\/span><\/p>\n<p style=\"text-align: center\"><span style=\"font-family: 'times new roman', times, serif;font-size: 14pt\">Die Marienkapelle wurde 1979 eingerichtet und von Bischof Heinrich Theissing geweiht. Sie dient als Ort der Stille, ist vergittert und beherbergt eine Marienstatue aus der Zeit um 1450.<\/span><\/p>\n<figure id=\"attachment_1228\" aria-describedby=\"caption-attachment-1228\" style=\"width: 225px\" class=\"wp-caption aligncenter\"><img loading=\"lazy\" decoding=\"async\" class=\"wp-image-1228 size-medium\" src=\"https:\/\/www.katholische-kirche-wismar.de\/wp-content\/uploads\/sites\/20\/2019\/03\/IMG_9572-e1552053242823-225x300.jpg\" alt=\"\" width=\"225\" height=\"300\" srcset=\"https:\/\/katholische-kirche-wismar.de\/wp-content\/uploads\/sites\/20\/2019\/03\/IMG_9572-e1552053242823-225x300.jpg 225w, https:\/\/katholische-kirche-wismar.de\/wp-content\/uploads\/sites\/20\/2019\/03\/IMG_9572-e1552053242823-768x1024.jpg 768w\" sizes=\"auto, (max-width: 225px) 100vw, 225px\" \/><figcaption id=\"caption-attachment-1228\" class=\"wp-caption-text\"><span style=\"font-family: 'times new roman', times, serif;font-size: 14pt\">Marienstatue<\/span><\/figcaption><\/figure>\n<p style=\"text-align: center\"><span style=\"font-family: 'times new roman', times, serif;font-size: 14pt\">Weihbischof Norbert Werbs kr\u00f6nte die Marienfigur, die von einem Strahlenkranz eingefasst ist, 1985<\/span><\/p>\n<div class=\"mceTemp\"><\/div>\n<figure id=\"attachment_1223\" aria-describedby=\"caption-attachment-1223\" style=\"width: 225px\" class=\"wp-caption aligncenter\"><img loading=\"lazy\" decoding=\"async\" class=\"wp-image-1223 size-medium\" src=\"https:\/\/www.katholische-kirche-wismar.de\/wp-content\/uploads\/sites\/20\/2019\/03\/IMG_9567-e1552053312213-225x300.jpg\" alt=\"\" width=\"225\" height=\"300\" srcset=\"https:\/\/katholische-kirche-wismar.de\/wp-content\/uploads\/sites\/20\/2019\/03\/IMG_9567-e1552053312213-225x300.jpg 225w, https:\/\/katholische-kirche-wismar.de\/wp-content\/uploads\/sites\/20\/2019\/03\/IMG_9567-e1552053312213-768x1024.jpg 768w\" sizes=\"auto, (max-width: 225px) 100vw, 225px\" \/><figcaption id=\"caption-attachment-1223\" class=\"wp-caption-text\"><span style=\"font-family: 'times new roman', times, serif;font-size: 14pt\">Heiliger Laurentius<\/span><\/figcaption><\/figure>\n<p style=\"text-align: center\"><span style=\"font-family: 'times new roman', times, serif;font-size: 14pt\">Die Laurentiusfigur fertigte Ferdinand Stuflesser aus dem Gr\u00f6dnertal an. Die Arbeit wurde um die Wende zum 20. Jahrhundert geschaffen. Die gefasste Figur bedarf einer Sanierung, sie ist durch Raumfeuchtigkeit, Feinstaub und Kerzenrauch verschmutzt. Vom Hals bis zum Kopf ist deutlich ein Riss erkennbar.<sup id=\"cite_ref-10\" class=\"reference\"><\/sup><\/span><\/p>\n<div class=\"mceTemp\"><\/div>\n<figure id=\"attachment_560\" aria-describedby=\"caption-attachment-560\" style=\"width: 331px\" class=\"wp-caption aligncenter\"><img loading=\"lazy\" decoding=\"async\" class=\"wp-image-560\" src=\"https:\/\/www.katholische-kirche-wismar.de\/wp-content\/uploads\/sites\/20\/2018\/05\/IMG_3790-e1552054221774-300x300.jpg\" alt=\"\" width=\"331\" height=\"331\" srcset=\"https:\/\/katholische-kirche-wismar.de\/wp-content\/uploads\/sites\/20\/2018\/05\/IMG_3790-e1552054221774-300x300.jpg 300w, https:\/\/katholische-kirche-wismar.de\/wp-content\/uploads\/sites\/20\/2018\/05\/IMG_3790-e1552054221774-150x150.jpg 150w, https:\/\/katholische-kirche-wismar.de\/wp-content\/uploads\/sites\/20\/2018\/05\/IMG_3790-e1552054221774-768x768.jpg 768w, https:\/\/katholische-kirche-wismar.de\/wp-content\/uploads\/sites\/20\/2018\/05\/IMG_3790-e1552054221774-1024x1024.jpg 1024w\" sizes=\"auto, (max-width: 331px) 100vw, 331px\" \/><figcaption id=\"caption-attachment-560\" class=\"wp-caption-text\"><span style=\"font-family: 'times new roman', times, serif;font-size: 14pt\">Taufbecken<\/span><\/figcaption><\/figure>\n<p style=\"text-align: center\"><span style=\"font-family: 'times new roman', times, serif;font-size: 14pt\">Der Taufstein wurde 1964 aus Sandstein gefertigt. Das umlaufende Relief zeigt Darstellungen aus dem Alten Testament. Auf dem Bronzedeckel sind die Taufe und die Kreuzigung Jesu sowie die Herabkunft des Heiligen Geistes auf die Apostel und Maria dargestellt.<sup id=\"cite_ref-9\" class=\"reference\"><\/sup><\/span><\/p>\n<figure id=\"attachment_555\" aria-describedby=\"caption-attachment-555\" style=\"width: 300px\" class=\"wp-caption aligncenter\"><img loading=\"lazy\" decoding=\"async\" class=\"wp-image-555 size-medium\" src=\"https:\/\/www.katholische-kirche-wismar.de\/wp-content\/uploads\/sites\/20\/2018\/05\/IMG_3785-300x300.jpg\" alt=\"\" width=\"300\" height=\"300\" srcset=\"https:\/\/katholische-kirche-wismar.de\/wp-content\/uploads\/sites\/20\/2018\/05\/IMG_3785-300x300.jpg 300w, https:\/\/katholische-kirche-wismar.de\/wp-content\/uploads\/sites\/20\/2018\/05\/IMG_3785-150x150.jpg 150w, https:\/\/katholische-kirche-wismar.de\/wp-content\/uploads\/sites\/20\/2018\/05\/IMG_3785-768x768.jpg 768w, https:\/\/katholische-kirche-wismar.de\/wp-content\/uploads\/sites\/20\/2018\/05\/IMG_3785-1024x1024.jpg 1024w\" sizes=\"auto, (max-width: 300px) 100vw, 300px\" \/><figcaption id=\"caption-attachment-555\" class=\"wp-caption-text\"><span style=\"font-family: 'times new roman', times, serif;font-size: 14pt\">Kreuzweg<\/span><\/figcaption><\/figure>\n<p style=\"text-align: center\"><span style=\"font-family: 'times new roman', times, serif;font-size: 14pt\">Der Kreuzweg wurde 1954 von E. Pischel gemalt, die gro\u00dfformatigen Tafeln h\u00e4ngen zu beiden Seiten des Schiffes.<sup id=\"cite_ref-Infoblatt_der_Gemeinde_5-1\" class=\"reference\"><\/sup><\/span><\/p>\n<p><span style=\"color: #000080;font-family: 'times new roman', times, serif;font-size: 14pt\"><strong>Die Pfarrer von St. Laurentius Wismar:<\/strong><\/span><\/p>\n<p><span style=\"font-family: 'times new roman', times, serif;font-size: 14pt\"><img loading=\"lazy\" decoding=\"async\" class=\"alignnone wp-image-1168\" src=\"https:\/\/www.katholische-kirche-wismar.de\/wp-content\/uploads\/sites\/20\/2019\/03\/Alfons-odanza.jpg\" alt=\"\" width=\"113\" height=\"148\" \/><\/span><\/p>\n<p><span style=\"font-family: 'times new roman', times, serif;font-size: 14pt\">Alfons M. v. Ondarza<\/span><br \/>\n<span style=\"font-family: 'times new roman', times, serif;font-size: 14pt\">Pfarrer von<\/span><br \/>\n<span style=\"font-family: 'times new roman', times, serif;font-size: 14pt\">1903 bis 1926<\/span><\/p>\n<p><span style=\"font-family: 'times new roman', times, serif;font-size: 14pt\">Bernhard Waterloh<\/span><br \/>\n<span style=\"font-family: 'times new roman', times, serif;font-size: 14pt\">Pfarrer von<\/span><br \/>\n<span style=\"font-family: 'times new roman', times, serif;font-size: 14pt\">1926 bis 1937<\/span><\/p>\n<p><span style=\"font-family: 'times new roman', times, serif;font-size: 14pt\">Johannes Schneider<\/span><br \/>\n<span style=\"font-family: 'times new roman', times, serif;font-size: 14pt\">Pfarrer von<\/span><br \/>\n<span style=\"font-family: 'times new roman', times, serif;font-size: 14pt\">1937 bis 1951<\/span><\/p>\n<p><span style=\"font-family: 'times new roman', times, serif;font-size: 14pt\"><img loading=\"lazy\" decoding=\"async\" class=\"alignnone wp-image-1169\" src=\"https:\/\/www.katholische-kirche-wismar.de\/wp-content\/uploads\/sites\/20\/2019\/03\/Wittenbrink.jpg\" alt=\"\" width=\"106\" height=\"137\" \/><\/span><\/p>\n<p><span style=\"font-family: 'times new roman', times, serif;font-size: 14pt\">Antonius Wittenbrink<\/span><br \/>\n<span style=\"font-family: 'times new roman', times, serif;font-size: 14pt\">Pfarrer von<\/span><br \/>\n<span style=\"font-family: 'times new roman', times, serif;font-size: 14pt\">1951 bis 1976<\/span><\/p>\n<p><span style=\"font-family: 'times new roman', times, serif;font-size: 14pt\"><img loading=\"lazy\" decoding=\"async\" class=\"alignnone wp-image-1170\" src=\"https:\/\/www.katholische-kirche-wismar.de\/wp-content\/uploads\/sites\/20\/2019\/03\/Kr\u00fcger.jpg\" alt=\"\" width=\"107\" height=\"134\" \/><\/span><\/p>\n<p><span style=\"font-family: 'times new roman', times, serif;font-size: 14pt\">Christian Kr\u00fcger<\/span><br \/>\n<span style=\"font-family: 'times new roman', times, serif;font-size: 14pt\">Pfarrer von<\/span><br \/>\n<span style=\"font-family: 'times new roman', times, serif;font-size: 14pt\">1976 bis 1997<\/span><\/p>\n<p><span style=\"font-family: 'times new roman', times, serif;font-size: 14pt\"><img loading=\"lazy\" decoding=\"async\" class=\"alignnone wp-image-1171\" src=\"https:\/\/www.katholische-kirche-wismar.de\/wp-content\/uploads\/sites\/20\/2019\/03\/W\u00e4tjer.jpg\" alt=\"\" width=\"103\" height=\"132\" \/><\/span><\/p>\n<p><span style=\"font-family: 'times new roman', times, serif;font-size: 14pt\">Dr. J\u00fcrgen W\u00e4tjer<\/span><br \/>\n<span style=\"font-family: 'times new roman', times, serif;font-size: 14pt\">Pfarrer von<\/span><br \/>\n<span style=\"font-family: 'times new roman', times, serif;font-size: 14pt\">1997 bis 2004<\/span><\/p>\n<p><span style=\"font-family: 'times new roman', times, serif;font-size: 14pt\"><img loading=\"lazy\" decoding=\"async\" class=\"alignnone wp-image-1172\" src=\"https:\/\/www.katholische-kirche-wismar.de\/wp-content\/uploads\/sites\/20\/2019\/03\/Werbs-200x300.jpg\" alt=\"\" width=\"97\" height=\"146\" srcset=\"https:\/\/katholische-kirche-wismar.de\/wp-content\/uploads\/sites\/20\/2019\/03\/Werbs-200x300.jpg 200w, https:\/\/katholische-kirche-wismar.de\/wp-content\/uploads\/sites\/20\/2019\/03\/Werbs.jpg 400w\" sizes=\"auto, (max-width: 97px) 100vw, 97px\" \/><\/span><\/p>\n<p><span style=\"font-family: 'times new roman', times, serif;font-size: 14pt\">Dr. Ulrich Werbs<\/span><br \/>\n<span style=\"font-family: 'times new roman', times, serif;font-size: 14pt\">Pfarrer von<\/span><br \/>\n<span style=\"font-family: 'times new roman', times, serif;font-size: 14pt\">2004 bis 2012<\/span><\/p>\n<p><span style=\"font-family: 'times new roman', times, serif;font-size: 14pt\"><img loading=\"lazy\" decoding=\"async\" class=\"alignnone wp-image-884\" src=\"https:\/\/wismar.ansgar-portal.de\/wp-content\/uploads\/sites\/20\/2018\/11\/schwientek-300x300.jpg\" alt=\"\" width=\"106\" height=\"106\" \/><\/span><\/p>\n<p><span style=\"font-family: 'times new roman', times, serif;font-size: 14pt\">Peter Schwientek<\/span><br \/>\n<span style=\"font-family: 'times new roman', times, serif;font-size: 14pt\">Pfarrer seit<\/span><br \/>\n<span style=\"font-family: 'times new roman', times, serif;font-size: 14pt\">2012<\/span><\/p>\n","protected":false},"excerpt":{"rendered":"<p>Bevor die Reformation ihren Einzug in Mecklenburg hielt, gab es in Wismar und Neukloster reges katholisches Leben. Davon k\u00fcnden heute noch die wichtigsten Bauwerke an beiden Orten: St. Marien (Turm) und St. Georgen (wieder aufgebaut), St. Nikolai und Heiligen Geist, Schwarzes (Dominikaner-)Kloster und Archidiakonat in Wismar sowie Kloster Sonnenkamp mit Stiftskirche zum Hl. Kreuz in &hellip; <a href=\"https:\/\/katholische-kirche-wismar.de\/?page_id=442\" class=\"more-link\"><span class=\"screen-reader-text\">Gemeinde St. Laurentius<\/span> weiterlesen <span class=\"meta-nav\">&rarr;<\/span><\/a><\/p>\n","protected":false},"author":287,"featured_media":0,"parent":2,"menu_order":0,"comment_status":"closed","ping_status":"closed","template":"","meta":{"jetpack_post_was_ever_published":false,"footnotes":""},"class_list":["post-442","page","type-page","status-publish","hentry"],"jetpack_sharing_enabled":true,"jetpack_shortlink":"https:\/\/wp.me\/PcRq38-78","_links":{"self":[{"href":"https:\/\/katholische-kirche-wismar.de\/index.php?rest_route=\/wp\/v2\/pages\/442","targetHints":{"allow":["GET"]}}],"collection":[{"href":"https:\/\/katholische-kirche-wismar.de\/index.php?rest_route=\/wp\/v2\/pages"}],"about":[{"href":"https:\/\/katholische-kirche-wismar.de\/index.php?rest_route=\/wp\/v2\/types\/page"}],"author":[{"embeddable":true,"href":"https:\/\/katholische-kirche-wismar.de\/index.php?rest_route=\/wp\/v2\/users\/287"}],"replies":[{"embeddable":true,"href":"https:\/\/katholische-kirche-wismar.de\/index.php?rest_route=%2Fwp%2Fv2%2Fcomments&post=442"}],"version-history":[{"count":0,"href":"https:\/\/katholische-kirche-wismar.de\/index.php?rest_route=\/wp\/v2\/pages\/442\/revisions"}],"up":[{"embeddable":true,"href":"https:\/\/katholische-kirche-wismar.de\/index.php?rest_route=\/wp\/v2\/pages\/2"}],"wp:attachment":[{"href":"https:\/\/katholische-kirche-wismar.de\/index.php?rest_route=%2Fwp%2Fv2%2Fmedia&parent=442"}],"curies":[{"name":"wp","href":"https:\/\/api.w.org\/{rel}","templated":true}]}}