{"id":94,"date":"2018-09-17T08:00:27","date_gmt":"2018-09-17T06:00:27","guid":{"rendered":"http:\/\/wp1137867.server-he.de\/?page_id=94"},"modified":"2020-01-16T18:26:11","modified_gmt":"2020-01-16T17:26:11","slug":"grevesmuehlen","status":"publish","type":"page","link":"https:\/\/katholische-kirche-wismar.de\/?page_id=94","title":{"rendered":"Gemeinde Seliger Niels Stensen"},"content":{"rendered":"<p style=\"text-align: center\"><span style=\"font-family: 'times new roman', times, serif;font-size: 14pt\"><img loading=\"lazy\" decoding=\"async\" class=\"wp-image-917 aligncenter\" src=\"https:\/\/wismar.ansgar-portal.de\/wp-content\/uploads\/sites\/20\/2018\/11\/gvm_small-300x225.jpg\" alt=\"\" width=\"350\" height=\"262\" \/><\/span><\/p>\n<p style=\"text-align: center\"><span style=\"font-family: 'times new roman', times, serif;font-size: 14pt\">Seit 1938 hielten Geistliche aus Wismar in Gasth\u00f6fen Gottesdienste f\u00fcr die zugezogenen Katholiken in Grevesm\u00fchlen und Umgebung ab. Die meisten der damals zugezogenen Katholiken hatten in der damaligen R\u00fcstungsindustrie Arbeit gefunden.<\/span><\/p>\n<p style=\"text-align: center\"><span style=\"font-family: 'times new roman', times, serif;font-size: 14pt\"><img loading=\"lazy\" decoding=\"async\" class=\"wp-image-918 aligncenter\" src=\"https:\/\/wismar.ansgar-portal.de\/wp-content\/uploads\/sites\/20\/2018\/11\/gvmklein-300x225.jpg\" alt=\"\" width=\"351\" height=\"263\" \/><\/span><\/p>\n<p style=\"text-align: center\"><span style=\"font-family: 'times new roman', times, serif;font-size: 14pt\">Nach dem Zweiten Weltkrieg kamen viele Vertriebene, vor allem aus Ostpreu\u00dfen ,Schlesien und dem Sudetenland nach Grevesm\u00fchlen. Deshalb wurde hier am 01.07.1945 eine Seelsorgestelle eingerichtet.<\/span><\/p>\n<p style=\"text-align: center\"><span style=\"font-family: 'times new roman', times, serif;font-size: 14pt\">Am 01.07.1971 bekam die Gemeinde die Sorge f\u00fcr die Seelsorgestelle Dassow \u00fcbertragen, da die damalige DDR-Regierung es nicht gestattete, dass dort dauerhaft ein katholischer Priester leben konnte. Am 01.12.1972 ist Grevesm\u00fchlen Kirchengemeinde geworden. Am 01.07.1977 wurde die Seelsorgestelle Dassow als Filialkirche nach Grevesm\u00fchlen eingemeindet.<\/span><\/p>\n<p style=\"text-align: center\"><span style=\"font-family: 'times new roman', times, serif;font-size: 14pt\"><img loading=\"lazy\" decoding=\"async\" class=\" wp-image-1279 aligncenter\" src=\"https:\/\/www.katholische-kirche-wismar.de\/wp-content\/uploads\/sites\/20\/2019\/03\/IMG_3692-300x225.jpg\" alt=\"\" width=\"351\" height=\"263\" srcset=\"https:\/\/katholische-kirche-wismar.de\/wp-content\/uploads\/sites\/20\/2019\/03\/IMG_3692-300x225.jpg 300w, https:\/\/katholische-kirche-wismar.de\/wp-content\/uploads\/sites\/20\/2019\/03\/IMG_3692-768x576.jpg 768w, https:\/\/katholische-kirche-wismar.de\/wp-content\/uploads\/sites\/20\/2019\/03\/IMG_3692-1024x768.jpg 1024w\" sizes=\"auto, (max-width: 351px) 100vw, 351px\" \/><\/span><\/p>\n<p style=\"text-align: center\"><span style=\"font-family: 'times new roman', times, serif;font-size: 14pt\">1991 konnte die Grevesm\u00fchlener Gemeinde ihren eigenen Kirchenneubau mit dazugeh\u00f6rigem Gemeinderaum und einem rekonstruierten Pfarrhaus in Empfang nehmen. Die neuerbaute Kirche wurde am 27. April 1991 von Bischof <a title=\"Theodor Hubrich\" href=\"https:\/\/de.wikipedia.org\/wiki\/Theodor_Hubrich\">Theodor Hubrich<\/a>\u00a0<a title=\"Kirchweihe\" href=\"https:\/\/de.wikipedia.org\/wiki\/Kirchweihe\">geweiht<\/a>. Sie ist dem Seligen Niels Stensen, dem Kirchenpatron Mecklenburgs, geweiht und ist damit die weltweit erste und einzige Kirche, die nach dem d\u00e4nischen Naturwissenschaftler und Bischof benannt wurde. Seit dem 01.01.1998 wird die Seelsorgestelle Kl\u00fctz von Grevesm\u00fchlen betreut. 1998 geh\u00f6rten zur Gemeinde Grevesm\u00fchlen ca. 800 Katholiken in ca. 80 Ortschaften.<\/span><\/p>\n<p><span style=\"font-family: 'times new roman', times, serif;font-size: 14pt\">\u00a0\u00a0\u00a0<img loading=\"lazy\" decoding=\"async\" class=\"alignnone size-medium wp-image-1274\" src=\"https:\/\/www.katholische-kirche-wismar.de\/wp-content\/uploads\/sites\/20\/2019\/03\/IMG_0696-e1552146603206-225x300.jpg\" alt=\"\" width=\"225\" height=\"300\" srcset=\"https:\/\/katholische-kirche-wismar.de\/wp-content\/uploads\/sites\/20\/2019\/03\/IMG_0696-e1552146603206-225x300.jpg 225w, https:\/\/katholische-kirche-wismar.de\/wp-content\/uploads\/sites\/20\/2019\/03\/IMG_0696-e1552146603206-768x1024.jpg 768w\" sizes=\"auto, (max-width: 225px) 100vw, 225px\" \/> \u00a0<img loading=\"lazy\" decoding=\"async\" class=\"alignnone size-medium wp-image-1272\" src=\"https:\/\/www.katholische-kirche-wismar.de\/wp-content\/uploads\/sites\/20\/2019\/03\/IMG_0694-e1552146623302-225x300.jpg\" alt=\"\" width=\"225\" height=\"300\" srcset=\"https:\/\/katholische-kirche-wismar.de\/wp-content\/uploads\/sites\/20\/2019\/03\/IMG_0694-e1552146623302-225x300.jpg 225w, https:\/\/katholische-kirche-wismar.de\/wp-content\/uploads\/sites\/20\/2019\/03\/IMG_0694-e1552146623302-768x1024.jpg 768w\" sizes=\"auto, (max-width: 225px) 100vw, 225px\" \/> <img loading=\"lazy\" decoding=\"async\" class=\"alignnone size-medium wp-image-1270\" src=\"https:\/\/www.katholische-kirche-wismar.de\/wp-content\/uploads\/sites\/20\/2019\/03\/IMG_0693-e1552146641882-225x300.jpg\" alt=\"\" width=\"225\" height=\"300\" srcset=\"https:\/\/katholische-kirche-wismar.de\/wp-content\/uploads\/sites\/20\/2019\/03\/IMG_0693-e1552146641882-225x300.jpg 225w, https:\/\/katholische-kirche-wismar.de\/wp-content\/uploads\/sites\/20\/2019\/03\/IMG_0693-e1552146641882-768x1024.jpg 768w\" sizes=\"auto, (max-width: 225px) 100vw, 225px\" \/> <img loading=\"lazy\" decoding=\"async\" class=\"alignnone size-medium wp-image-1269\" src=\"https:\/\/www.katholische-kirche-wismar.de\/wp-content\/uploads\/sites\/20\/2019\/03\/IMG_0692-e1552146663887-225x300.jpg\" alt=\"\" width=\"225\" height=\"300\" srcset=\"https:\/\/katholische-kirche-wismar.de\/wp-content\/uploads\/sites\/20\/2019\/03\/IMG_0692-e1552146663887-225x300.jpg 225w, https:\/\/katholische-kirche-wismar.de\/wp-content\/uploads\/sites\/20\/2019\/03\/IMG_0692-e1552146663887-768x1024.jpg 768w\" sizes=\"auto, (max-width: 225px) 100vw, 225px\" \/><\/span><\/p>\n<h4><\/h4>\n<h4 style=\"text-align: center\"><span style=\"font-family: 'times new roman', times, serif;font-size: 14pt\">Leitende Geistliche<\/span><\/h4>\n<table class=\" aligncenter\">\n<tbody>\n<tr>\n<td width=\"30%\"><span style=\"font-family: 'times new roman', times, serif;font-size: 14pt\">1945-1946<\/span><\/td>\n<td><span style=\"font-family: 'times new roman', times, serif;font-size: 14pt\">Pater Alois EILERS OFM<\/span><\/td>\n<\/tr>\n<tr>\n<td><span style=\"font-family: 'times new roman', times, serif;font-size: 14pt\">1946-1947<\/span><\/td>\n<td><span style=\"font-family: 'times new roman', times, serif;font-size: 14pt\">Pater Artur RIEDEL SJ<\/span><\/td>\n<\/tr>\n<tr>\n<td><span style=\"font-family: 'times new roman', times, serif;font-size: 14pt\">1947-1966<\/span><\/td>\n<td><span style=\"font-family: 'times new roman', times, serif;font-size: 14pt\">Pater Albert EINDORFER MSF<\/span><\/td>\n<\/tr>\n<tr>\n<td><span style=\"font-family: 'times new roman', times, serif;font-size: 14pt\">1966-1970<\/span><\/td>\n<td><span style=\"font-family: 'times new roman', times, serif;font-size: 14pt\">Pfarrer Gerhard LEUSCHNER<\/span><\/td>\n<\/tr>\n<tr>\n<td><span style=\"font-family: 'times new roman', times, serif;font-size: 14pt\">1970-1975<\/span><\/td>\n<td><span style=\"font-family: 'times new roman', times, serif;font-size: 14pt\">Pfarrer Kurt ZIEGELER<\/span><\/td>\n<\/tr>\n<tr>\n<td><span style=\"font-family: 'times new roman', times, serif;font-size: 14pt\">1975-1982<\/span><\/td>\n<td><span style=\"font-family: 'times new roman', times, serif;font-size: 14pt\">Pfarrer Anton BEER<\/span><\/td>\n<\/tr>\n<tr>\n<td><span style=\"font-family: 'times new roman', times, serif;font-size: 14pt\">1982-1983<\/span><\/td>\n<td><span style=\"font-family: 'times new roman', times, serif;font-size: 14pt\">Pfarrer Horst HANUSCH<\/span><\/td>\n<\/tr>\n<tr>\n<td><span style=\"font-family: 'times new roman', times, serif;font-size: 14pt\">1983-1992<\/span><\/td>\n<td><span style=\"font-family: 'times new roman', times, serif;font-size: 14pt\">Pfarrer Ludwig ZUREK<\/span><\/td>\n<\/tr>\n<tr>\n<td><span style=\"font-family: 'times new roman', times, serif;font-size: 14pt\">1992-1994<\/span><\/td>\n<td><span style=\"font-family: 'times new roman', times, serif;font-size: 14pt\">Pfarrer Wolfgang SCHAFT<\/span><\/td>\n<\/tr>\n<tr>\n<td><span style=\"font-family: 'times new roman', times, serif;font-size: 14pt\">1994-1999<\/span><\/td>\n<td><span style=\"font-family: 'times new roman', times, serif;font-size: 14pt\">Pfarrer Michael SOBANIA<\/span><\/td>\n<\/tr>\n<tr>\n<td style=\"text-align: left\"><span style=\"font-family: 'times new roman', times, serif;font-size: 14pt\">seit 1999<\/span><\/td>\n<td style=\"text-align: left\"><span style=\"font-family: 'times new roman', times, serif;font-size: 14pt\">Pfarrer Peter SCHWIENTEK<\/span><\/td>\n<\/tr>\n<\/tbody>\n<\/table>\n","protected":false},"excerpt":{"rendered":"<p>Seit 1938 hielten Geistliche aus Wismar in Gasth\u00f6fen Gottesdienste f\u00fcr die zugezogenen Katholiken in Grevesm\u00fchlen und Umgebung ab. Die meisten der damals zugezogenen Katholiken hatten in der damaligen R\u00fcstungsindustrie Arbeit gefunden. Nach dem Zweiten Weltkrieg kamen viele Vertriebene, vor allem aus Ostpreu\u00dfen ,Schlesien und dem Sudetenland nach Grevesm\u00fchlen. Deshalb wurde hier am 01.07.1945 eine Seelsorgestelle &hellip; <a href=\"https:\/\/katholische-kirche-wismar.de\/?page_id=94\" class=\"more-link\"><span class=\"screen-reader-text\">Gemeinde Seliger Niels Stensen<\/span> weiterlesen <span class=\"meta-nav\">&rarr;<\/span><\/a><\/p>\n","protected":false},"author":287,"featured_media":0,"parent":2,"menu_order":0,"comment_status":"closed","ping_status":"closed","template":"","meta":{"jetpack_post_was_ever_published":false,"footnotes":""},"class_list":["post-94","page","type-page","status-publish","hentry"],"jetpack_sharing_enabled":true,"jetpack_shortlink":"https:\/\/wp.me\/PcRq38-1w","_links":{"self":[{"href":"https:\/\/katholische-kirche-wismar.de\/index.php?rest_route=\/wp\/v2\/pages\/94","targetHints":{"allow":["GET"]}}],"collection":[{"href":"https:\/\/katholische-kirche-wismar.de\/index.php?rest_route=\/wp\/v2\/pages"}],"about":[{"href":"https:\/\/katholische-kirche-wismar.de\/index.php?rest_route=\/wp\/v2\/types\/page"}],"author":[{"embeddable":true,"href":"https:\/\/katholische-kirche-wismar.de\/index.php?rest_route=\/wp\/v2\/users\/287"}],"replies":[{"embeddable":true,"href":"https:\/\/katholische-kirche-wismar.de\/index.php?rest_route=%2Fwp%2Fv2%2Fcomments&post=94"}],"version-history":[{"count":0,"href":"https:\/\/katholische-kirche-wismar.de\/index.php?rest_route=\/wp\/v2\/pages\/94\/revisions"}],"up":[{"embeddable":true,"href":"https:\/\/katholische-kirche-wismar.de\/index.php?rest_route=\/wp\/v2\/pages\/2"}],"wp:attachment":[{"href":"https:\/\/katholische-kirche-wismar.de\/index.php?rest_route=%2Fwp%2Fv2%2Fmedia&parent=94"}],"curies":[{"name":"wp","href":"https:\/\/api.w.org\/{rel}","templated":true}]}}